{"id":3559,"date":"2021-11-10T20:55:41","date_gmt":"2021-11-10T17:55:41","guid":{"rendered":"https:\/\/lawro.gr\/?page_id=3559"},"modified":"2021-11-10T21:04:16","modified_gmt":"2021-11-10T18:04:16","slug":"typoi-adeiwn-diamonis","status":"publish","type":"page","link":"https:\/\/lawro.gr\/ro\/typoi-adeiwn-diamonis\/","title":{"rendered":"\u03a4\u03cd\u03c0\u03bf\u03b9 \u03ac\u03b4\u03b5\u03b9\u03b1\u03c2 \u03b4\u03b9\u03b1\u03bc\u03bf\u03bd\u03ae\u03c2, \u03c7\u03bf\u03c1\u03ae\u03b3\u03b7\u03c3\u03b7, \u03b4\u03b9\u03ba\u03b1\u03b9\u03bf\u03bb\u03bf\u03b3\u03b7\u03c4\u03b9\u03ba\u03ac"},"content":{"rendered":"<div class=\"vc_row wpb_row vc_row-fluid\"><div class=\"wpb_column vc_column_container vc_col-sm-12\"><div class=\"vc_column-inner\"><div class=\"wpb_wrapper\">\n\t<div class=\"wpb_text_column wpb_content_element\" >\n\t\t<div class=\"wpb_wrapper\">\n\t\t\t<p>Aceast\u0103 pagin\u0103 este disponibil\u0103 numai \u00een limba greac\u0103.<\/p>\n\n\t\t<\/div>\n\t<\/div>\n<\/div><\/div><\/div><\/div>","protected":false},"excerpt":{"rendered":"Aceast\u0103 pagin\u0103 este disponibil\u0103 numai \u00een limba greac\u0103.","protected":false},"author":2,"featured_media":0,"parent":0,"menu_order":0,"comment_status":"closed","ping_status":"closed","template":"","meta":{"footnotes":""},"_links":{"self":[{"href":"https:\/\/lawro.gr\/ro\/wp-json\/wp\/v2\/pages\/3559"}],"collection":[{"href":"https:\/\/lawro.gr\/ro\/wp-json\/wp\/v2\/pages"}],"about":[{"href":"https:\/\/lawro.gr\/ro\/wp-json\/wp\/v2\/types\/page"}],"author":[{"embeddable":true,"href":"https:\/\/lawro.gr\/ro\/wp-json\/wp\/v2\/users\/2"}],"replies":[{"embeddable":true,"href":"https:\/\/lawro.gr\/ro\/wp-json\/wp\/v2\/comments?post=3559"}],"version-history":[{"count":3,"href":"https:\/\/lawro.gr\/ro\/wp-json\/wp\/v2\/pages\/3559\/revisions"}],"predecessor-version":[{"id":3568,"href":"https:\/\/lawro.gr\/ro\/wp-json\/wp\/v2\/pages\/3559\/revisions\/3568"}],"wp:attachment":[{"href":"https:\/\/lawro.gr\/ro\/wp-json\/wp\/v2\/media?parent=3559"}],"curies":[{"name":"wp","href":"https:\/\/api.w.org\/{rel}","templated":true}]}}