{"id":2684,"date":"2021-03-26T19:05:23","date_gmt":"2021-03-26T16:05:23","guid":{"rendered":"https:\/\/lawro.gr\/?page_id=2684"},"modified":"2021-11-01T20:28:16","modified_gmt":"2021-11-01T17:28:16","slug":"adeia-diamonis","status":"publish","type":"page","link":"https:\/\/lawro.gr\/ro\/permis-de-sedere\/","title":{"rendered":"Permis de \u0219edere"},"content":{"rendered":"<p>Procesul de acordare sau re\u00eennoire a permisului de \u0219edere \u00een Grecia nu a fost niciodat\u0103 mai u\u0219or!<\/p>\n<p>Cu o lung\u0103 experien\u021b\u0103 \u00een legalizarea str\u0103inilor, firma de avocatur\u0103 \u201eArtemis Lefter &amp; Associates\u201d ofer\u0103 o gam\u0103 larg\u0103 de servicii juridice legate de ob\u021binerea oric\u0103rui tip de permis de \u0219edere pentru un cet\u0103\u021bean al unei \u021b\u0103ri ter\u021be din Grecia.<\/p>\n<p>\u021ain\u00e2nd cont de unicitatea \u0219i unicitatea fiec\u0103rui caz, partenerii no\u0219tri experimenta\u021bi v\u0103 vor ghida pas cu pas prin \u00eentregul proces de la colectarea documentelor justificative, depun\u00e2nd un dosar p\u00e2n\u0103 la eliberarea permisului de \u0219edere \u00een Grecia \u0219i vor lua m\u0103surile corespunz\u0103toare pentru a v\u0103 asigura cele mai mari interese pentru tine.<\/p>\n<p>Specializat \u00een probleme legate de legea str\u0103inilor \u0219i imigra\u021bia, v\u0103 sf\u0103tuim cu privire la ob\u021binerea \u0219i re\u00eennoirea oric\u0103rui permis de \u0219edere prev\u0103zut de legea elen\u0103. De asemenea, v\u0103 reprezent\u0103m \u00een fa\u021ba oric\u0103rui serviciu extern din Grecia sau consulat \u0219i \u00een fa\u021ba instan\u021belor administrative grece\u0219ti, unde, \u00een cazul deciziilor de respingere a acord\u0103rii \u0219i re\u00eennoirii permiselor de \u0219edere, continu\u0103m procesul de depunere \u0219i solu\u021bionare a cererilor de anulare \u0219i suspendare.<\/p>\n<p><strong>V\u0103 verific\u0103m datele \u0219i v\u0103 inform\u0103m imediat despre ce tip de permis de \u0219edere pute\u021bi solicita, ce vi se potrive\u0219te cel mai bine \u0219i ce acte ave\u021bi nevoie!<\/strong><\/p>\n<p>Indicativ, principalele categorii de permise de \u0219edere sunt:<\/p>\n<ul>\n<li>Permis de \u0219edere pentru persoanele independente financiar<\/li>\n<li>Permis de \u0219edere pentru proprietarii de propriet\u0103\u021bi din Grecia<\/li>\n<li>Permis de \u0219edere pentru membrii dependen\u021bi ai familiei diploma\u021bilor<\/li>\n<li>Permis de \u0219edere pentru reziden\u021bi pe termen lung<\/li>\n<li>Permis de \u0219edere pentru re\u00eentregirea familiei<\/li>\n<li>Permis de \u0219edere din motive de s\u0103n\u0103tate<\/li>\n<li>Permis de \u0219edere pentru munc\u0103 sezonier\u0103 sau dependent\u0103<\/li>\n<li>Permis de \u0219edere din motive excep\u021bionale<\/li>\n<li>Permis de \u0219edere \u00een scopul exercit\u0103rii unei vie\u021bi solitare<\/li>\n<li>Permis de \u0219edere pentru studii<\/li>\n<li>Permis de \u0219edere pentru directori<\/li>\n<\/ul>\n<p>&nbsp;<\/p>\n<p><strong>Biroul nostru poate \u00eentreprinde<\/strong><strong>\u00a0<\/strong><strong><u>toate procedurile necesare<\/u><\/strong><strong>\u00a0<\/strong><strong>pentru eliberarea permiselor de \u0219edere de orice tip. <\/strong>\u00cen special, ne angaj\u0103m:<\/p>\n<ul>\n<li>S\u0103 adune toate documentele justificative necesare \u0219i s\u0103 efectueze traducerile \u0219i valid\u0103rile necesare.<\/li>\n<li>S\u0103 depune\u021bi \u00een numele dvs. o cerere de permis de \u0219edere la serviciile competente.<\/li>\n<li>Pentru a trimite orice document sau cerere suplimentar\u0103 necesar\u0103.<\/li>\n<li>Pentru a urm\u0103ri progresul dosarului pentru eliberarea permisului de \u0219edere.<\/li>\n<li>Pentru a primi decizia care va fi emis\u0103 \u00een cererea dvs.<\/li>\n<li>Pentru a v\u0103 ajuta \u00een orice problem\u0103 necesar\u0103, cum ar fi exercitarea c\u0103ilor de atac legale \u0219i a mijloacelor de decizie de respingere, pentru a v\u0103 elimina de pe lista str\u0103inilor nedoriti, pentru a v\u0103 opune deciziilor de deten\u021bie \u00een cazul \u00een care sunte\u021bi re\u021binut ca imigran\u021bi ilegali \u00een \u021bar\u0103 \u0219i a\u0219a mai departe<\/li>\n<\/ul>\n<p>&nbsp;<\/p>\n<p><strong>Cu o sensibilitate deosebit\u0103 la problemele de intrare, \u0219edere \u0219i integrare social\u0103 a str\u0103inilor \u00een Grecia, suntem aici pentru a v\u0103 asigura \u0219i proteja drepturile! <\/strong><\/p>","protected":false},"excerpt":{"rendered":"<p>\u03a0\u03bf\u03c4\u03ad \u03be\u03b1\u03bd\u03ac \u03b7 \u03b4\u03b9\u03b1\u03b4\u03b9\u03ba\u03b1\u03c3\u03af\u03b1 \u03b3\u03b9\u03b1 \u03c4\u03b7\u03bd \u03c7\u03bf\u03c1\u03ae\u03b3\u03b7\u03c3\u03b7 \u03ae \u03b1\u03bd\u03b1\u03bd\u03ad\u03c9\u03c3\u03b7 \u03c4\u03b7\u03c2 \u03ac\u03b4\u03b5\u03b9\u03b1\u03c2 \u03b4\u03b9\u03b1\u03bc\u03bf\u03bd\u03ae\u03c2 \u03c3\u03b1\u03c2 \u03c3\u03c4\u03b7\u03bd \u0395\u03bb\u03bb\u03ac\u03b4\u03b1 \u03b4\u03b5\u03bd \u03ae\u03c4\u03b1\u03bd \u03c0\u03b9\u03bf \u03b5\u03cd\u03ba\u03bf\u03bb\u03b7! \u039c\u03b5 [&hellip;]<\/p>","protected":false},"author":1,"featured_media":0,"parent":0,"menu_order":0,"comment_status":"closed","ping_status":"closed","template":"","meta":{"footnotes":""},"_links":{"self":[{"href":"https:\/\/lawro.gr\/ro\/wp-json\/wp\/v2\/pages\/2684"}],"collection":[{"href":"https:\/\/lawro.gr\/ro\/wp-json\/wp\/v2\/pages"}],"about":[{"href":"https:\/\/lawro.gr\/ro\/wp-json\/wp\/v2\/types\/page"}],"author":[{"embeddable":true,"href":"https:\/\/lawro.gr\/ro\/wp-json\/wp\/v2\/users\/1"}],"replies":[{"embeddable":true,"href":"https:\/\/lawro.gr\/ro\/wp-json\/wp\/v2\/comments?post=2684"}],"version-history":[{"count":7,"href":"https:\/\/lawro.gr\/ro\/wp-json\/wp\/v2\/pages\/2684\/revisions"}],"predecessor-version":[{"id":2743,"href":"https:\/\/lawro.gr\/ro\/wp-json\/wp\/v2\/pages\/2684\/revisions\/2743"}],"wp:attachment":[{"href":"https:\/\/lawro.gr\/ro\/wp-json\/wp\/v2\/media?parent=2684"}],"curies":[{"name":"wp","href":"https:\/\/api.w.org\/{rel}","templated":true}]}}