{"id":2680,"date":"2021-03-26T18:59:03","date_gmt":"2021-03-26T15:59:03","guid":{"rendered":"https:\/\/lawro.gr\/?page_id=2680"},"modified":"2021-11-10T21:20:50","modified_gmt":"2021-11-10T18:20:50","slug":"golden-visa-dikaio-allodapon","status":"publish","type":"page","link":"https:\/\/lawro.gr\/ro\/cetatenie-naturalizare\/","title":{"rendered":"Golden Visa &#8211; \u0394\u03af\u03ba\u03b1\u03b9\u03bf \u0391\u03bb\u03bb\u03bf\u03b4\u03b1\u03c0\u03ce\u03bd"},"content":{"rendered":"<div class=\"vc_row wpb_row vc_row-fluid\"><div class=\"wpb_column vc_column_container vc_col-sm-12\"><div class=\"vc_column-inner\"><div class=\"wpb_wrapper\">\n\t<div class=\"wpb_text_column wpb_content_element\" >\n\t\t<div class=\"wpb_wrapper\">\n\t\t\t<p>Aceast\u0103 pagin\u0103 este disponibil\u0103 numai \u00een limba greac\u0103.<\/p>\n\n\t\t<\/div>\n\t<\/div>\n<\/div><\/div><\/div><\/div>","protected":false},"excerpt":{"rendered":"Aceast\u0103 pagin\u0103 este disponibil\u0103 numai \u00een limba greac\u0103.","protected":false},"author":1,"featured_media":0,"parent":0,"menu_order":0,"comment_status":"closed","ping_status":"closed","template":"","meta":{"footnotes":""},"_links":{"self":[{"href":"https:\/\/lawro.gr\/ro\/wp-json\/wp\/v2\/pages\/2680"}],"collection":[{"href":"https:\/\/lawro.gr\/ro\/wp-json\/wp\/v2\/pages"}],"about":[{"href":"https:\/\/lawro.gr\/ro\/wp-json\/wp\/v2\/types\/page"}],"author":[{"embeddable":true,"href":"https:\/\/lawro.gr\/ro\/wp-json\/wp\/v2\/users\/1"}],"replies":[{"embeddable":true,"href":"https:\/\/lawro.gr\/ro\/wp-json\/wp\/v2\/comments?post=2680"}],"version-history":[{"count":17,"href":"https:\/\/lawro.gr\/ro\/wp-json\/wp\/v2\/pages\/2680\/revisions"}],"predecessor-version":[{"id":3575,"href":"https:\/\/lawro.gr\/ro\/wp-json\/wp\/v2\/pages\/2680\/revisions\/3575"}],"wp:attachment":[{"href":"https:\/\/lawro.gr\/ro\/wp-json\/wp\/v2\/media?parent=2680"}],"curies":[{"name":"wp","href":"https:\/\/api.w.org\/{rel}","templated":true}]}}