{"id":2676,"date":"2021-03-26T18:50:30","date_gmt":"2021-03-26T15:50:30","guid":{"rendered":"https:\/\/lawro.gr\/?page_id=2676"},"modified":"2021-11-01T20:34:07","modified_gmt":"2021-11-01T17:34:07","slug":"touristiko-real-estate","status":"publish","type":"page","link":"https:\/\/lawro.gr\/ro\/bunuri-imobiliare-turistice\/","title":{"rendered":"Turism imobiliar"},"content":{"rendered":"<p>Dup\u0103 cum este bine cunoascut, Grecia reprezint\u0103 o destina\u021bie turistic\u0103 de v\u00e2rf, dar \u0219i o \u021bar\u0103 care ofer\u0103 oportunit\u0103\u021bi de dezvoltare a afacerilor \u00een domeniul turismului.<\/p>\n<p>Biroul nostru colaboreaz\u0103 cu o re\u021bea remarcabil\u0103 de parteneri at\u00e2t \u00een \u200b\u200bGrecia, c\u00e2t \u0219i \u00een str\u0103in\u0103tate, \u0219i anume agen\u021bi imobiliari \u0219i consultan\u021bi \u00een investi\u021bii \u2013 hoteluri, precum \u0219i companii de management hotelier.<\/p>\n<p>Avoca\u021bii no\u0219tri, monitoriz\u00e2nd de-a lungul timpului evolu\u021bia industriei turismului \u00een Grecia, au dob\u00e2ndit o experien\u021b\u0103 f\u0103r\u0103 egal cu privire la particularit\u0103\u021bile acestui domeniu, fiind astfel \u00een m\u0103sur\u0103 s\u0103 ofere asisten\u021b\u0103 \u0219i consiliere prompt\u0103 cu privire la legile \u0219i reglement\u0103rile care se aplic\u0103 func\u021bion\u0103rii corecte a afacerilor turistice, a facilit\u0103\u021bilor hoteliere, a turismului tematic \u0219i de conferin\u021be, reduc\u00e2nd, pe c\u00e2t posibil, riscul afacerii \u0219i oferind solu\u021bii practice alternative \u00een vederea realiz\u0103rii lor profitabile.<\/p>\n<p>Oferim o gam\u0103 complet\u0103 de servicii venind \u00een sprijinul clien\u021bilor no\u0219tri \u00een fiecare pas pe care \u00eel \u00eentreprind \u00een afacerea lor turistic\u0103, \u00een special prin negocierea, redactarea \u0219i revizuirea de contracte. De asemenea, toate detaliile industriei turismului, pe m\u0103sur\u0103 ce aceasta se dezvolt\u0103 la nivel na\u021bional \u0219i global, fac obiectul preocup\u0103rii noastre.<\/p>\n<p>Serviciile oferite de cabinetul nostru \u00een domeniul turismului imobiliar includ<br \/>\n\u2022 Acorduri de cooperare comercial\u0103<br \/>\n\u2022 Contracte de administrarea imobilelor turistice<br \/>\n\u2022 Emiterea de licen\u021be \u0219i legaliz\u0103ri pentru imobile turistice \u2013 unit\u0103\u021bi de cazare<br \/>\n\u2022 Contracte pentru companiile de transport rutier turistic (T.E.O.M.)<br \/>\n\u2022 Contracte pentru cump\u0103rarea \u0219i v\u00e2nzarea de unit\u0103\u021bi hoteliere<br \/>\n\u2022 Contracte \u0219i licen\u021be pentru \u00eentreprinderi cu forme alternative de turism (turism sportiv, turism maritim, turism rural, parcuri de distrac\u021bii \u0219i tematice etc.).<br \/>\n\u2022 Contracte pentru furnizarea de servicii turistice<br \/>\n\u2022 \u00cenchirieri pe termen lung \u0219i pe termen scurt de cazare turistic\u0103<br \/>\n\u2022 Contracte pentru agen\u021bii de turism<br \/>\nDori\u021bi s\u0103 v\u0103 dezvolta\u021bi o afacere \u00een turism \u00een Grecia? Indiferent de profilul \u0219i complexitatea activit\u0103\u021bii dvs., exper\u021bii no\u0219tri sunt preg\u0103ti\u021bi s\u0103 v\u0103 ofere chiar acum sfaturi personalizate \u00een toate aspectele pentru a activa cu succes pe pia\u021ba turismului  din Grecia!<\/p>","protected":false},"excerpt":{"rendered":"<p>\u03a9\u03c2 \u03b3\u03bd\u03c9\u03c3\u03c4\u03cc\u03bd, \u03b7 \u0395\u03bb\u03bb\u03ac\u03b4\u03b1 \u03b1\u03c0\u03bf\u03c4\u03b5\u03bb\u03b5\u03af \u03ba\u03bf\u03c1\u03c5\u03c6\u03b1\u03af\u03bf \u03c4\u03bf\u03c5\u03c1\u03b9\u03c3\u03c4\u03b9\u03ba\u03cc \u03c0\u03c1\u03bf\u03bf\u03c1\u03b9\u03c3\u03bc\u03cc, \u03b1\u03bb\u03bb\u03ac \u03ba\u03b1\u03b9 \u03c7\u03ce\u03c1\u03b1 \u03c0\u03b1\u03c1\u03bf\u03c7\u03ae\u03c2 \u03b5\u03c0\u03b9\u03c7\u03b5\u03b9\u03c1\u03b7\u03bc\u03b1\u03c4\u03b9\u03ba\u03ce\u03bd \u03b5\u03c5\u03ba\u03b1\u03b9\u03c1\u03b9\u03ce\u03bd \u03b1\u03bd\u03ac\u03c0\u03c4\u03c5\u03be\u03b7\u03c2 \u03c3\u03c4\u03bf\u03bd \u03c4\u03bf\u03bc\u03ad\u03b1 \u03c4\u03c9\u03bd \u03c4\u03bf\u03c5\u03c1\u03b9\u03c3\u03c4\u03b9\u03ba\u03ce\u03bd \u03b5\u03c0\u03b9\u03c7\u03b5\u03b9\u03c1\u03ae\u03c3\u03b5\u03c9\u03bd. [&hellip;]<\/p>","protected":false},"author":1,"featured_media":0,"parent":0,"menu_order":0,"comment_status":"closed","ping_status":"closed","template":"","meta":{"footnotes":""},"_links":{"self":[{"href":"https:\/\/lawro.gr\/ro\/wp-json\/wp\/v2\/pages\/2676"}],"collection":[{"href":"https:\/\/lawro.gr\/ro\/wp-json\/wp\/v2\/pages"}],"about":[{"href":"https:\/\/lawro.gr\/ro\/wp-json\/wp\/v2\/types\/page"}],"author":[{"embeddable":true,"href":"https:\/\/lawro.gr\/ro\/wp-json\/wp\/v2\/users\/1"}],"replies":[{"embeddable":true,"href":"https:\/\/lawro.gr\/ro\/wp-json\/wp\/v2\/comments?post=2676"}],"version-history":[{"count":2,"href":"https:\/\/lawro.gr\/ro\/wp-json\/wp\/v2\/pages\/2676\/revisions"}],"predecessor-version":[{"id":2679,"href":"https:\/\/lawro.gr\/ro\/wp-json\/wp\/v2\/pages\/2676\/revisions\/2679"}],"wp:attachment":[{"href":"https:\/\/lawro.gr\/ro\/wp-json\/wp\/v2\/media?parent=2676"}],"curies":[{"name":"wp","href":"https:\/\/api.w.org\/{rel}","templated":true}]}}