{"id":1169,"date":"2018-02-16T19:45:58","date_gmt":"2018-02-16T16:45:58","guid":{"rendered":"https:\/\/lawro.gr\/?page_id=1169"},"modified":"2021-11-01T20:33:08","modified_gmt":"2021-11-01T17:33:08","slug":"morfes-etaireion-sti-roymania","status":"publish","type":"page","link":"https:\/\/lawro.gr\/ro\/forme-de-firme-in-romania\/","title":{"rendered":"\u039c\u03bf\u03c1\u03c6\u03b5\u03c2 \u0395\u03c4\u03b1\u03b9\u03c1\u03b5\u03b9\u03c9\u03bd \u03c3\u03c4\u03b7 \u03a1\u03bf\u03c5\u03bc\u03b1\u03bd\u03b9\u03b1"},"content":{"rendered":"<div class=\"vc_row wpb_row vc_row-fluid\"><div class=\"wpb_column vc_column_container vc_col-sm-12\"><div class=\"vc_column-inner\"><div class=\"wpb_wrapper\">\n\t<div class=\"wpb_text_column wpb_content_element\" >\n\t\t<div class=\"wpb_wrapper\">\n\t\t\t<p><em>\u039f \u03b1\u03ba\u03cc\u03bb\u03bf\u03c5\u03b8\u03bf\u03c2 \u03c0\u03af\u03bd\u03b1\u03ba\u03b1\u03c2 \u03c0\u03b1\u03c1\u03bf\u03c5\u03c3\u03b9\u03ac\u03b6\u03b5\u03b9 \u03c3\u03c5\u03bd\u03bf\u03c0\u03c4\u03b9\u03ba\u03ac \u03c4\u03b9\u03c2 \u03b4\u03c5\u03bd\u03b1\u03c4\u03ad\u03c2 \u03bc\u03bf\u03c1\u03c6\u03ad\u03c2 \u03c4\u03c9\u03bd \u03b5\u03c4\u03b1\u03b9\u03c1\u03b5\u03b9\u03ce\u03bd \u03c3\u03c4\u03b7 \u03a1\u03bf\u03c5\u03bc\u03b1\u03bd\u03af\u03b1:<\/em><\/p>\n<table>\n<tbody>\n<tr>\n<td width=\"196\"><em><strong>\u039c\u039f\u03a1\u03a6\u0395\u03a3 \u0395\u03a4\u0391\u0399\u03a1\u0395\u0399\u03a9\u039d \u03a3\u03a4\u0397\u039d \u03a1\u039f\u03a5\u039c\u0391\u039d\u0399\u0391<\/strong><\/em><\/td>\n<td width=\"178\"><em><strong>\u039c\u039f\u03a1\u03a6\u0397 \u03a3\u03a4\u0397\u039d \u0395\u039b\u039b\u0391\u0394\u0391<\/strong><\/em><\/td>\n<td width=\"206\"><em><strong>\u03a7\u0391\u03a1\u0391\u039a\u03a4\u0397\u03a1\u0399\u03a3\u03a4\u0399\u039a\u0391<\/strong><\/em><\/td>\n<td width=\"220\"><em><strong>\u03a0\u0391\u03a1\u0391\u03a4\u0397\u03a1\u0397\u03a3\u0395\u0399\u03a3<\/strong><\/em><\/td>\n<\/tr>\n<tr>\n<td width=\"196\"><em><strong>societate <\/strong><strong>cu<\/strong> <strong>r<\/strong><strong>a<\/strong><strong>spundere limitata (SRL)<\/strong><\/em><\/td>\n<td width=\"178\"><em><a href=\"https:\/\/lawro.gr\/ro\/societate-cu-raspundere-limitata\/\">\u0395\u03c4\u03b1\u03b9\u03c1\u03b5\u03af\u03b1 \u03a0\u03b5\u03c1\u03b9\u03bf\u03c1\u03b9\u03c3\u03bc\u03ad\u03bd\u03b7\u03c2 \u0395\u03c5\u03b8\u03cd\u03bd\u03b7\u03c2 (\u0395\u03a0\u0395)<\/a><\/em><\/td>\n<td width=\"206\"><em><ul class=\"liststyle\"><\/em><br \/>\n<em><li><i class=\"icon-ok\"><\/i><p>\u03a0\u03b5\u03c1\u03b9\u03bf\u03c1\u03b9\u03c3\u03bc\u03ad\u03bd\u03b7 \u03b5\u03c5\u03b8\u03cd\u03bd\u03b7<\/p><\/li><\/em><br \/>\n<em><li><i class=\"icon-ok\"><\/i><p>\u03a4\u03bf\u03c5\u03bb\u03ac\u03c7\u03b9\u03c3\u03c4\u03bf\u03bd 1 \u03bc\u03ad\u03c4\u03bf\u03c7\u03bf\u03c2<\/p><\/li><\/em><br \/>\n<em><li><i class=\"icon-ok\"><\/i><p>\u0395\u03bb\u03ac\u03c7\u03b9\u03c3\u03c4\u03bf \u03bc\u03b5\u03c4\u03bf\u03c7\u03b9\u03ba\u03cc \u03ba\u03b5\u03c6\u03ac\u03bb\u03b1\u03b9\u03bf 200 RON (\u03c0\u03b5\u03c1\u03af\u03c0\u03bf\u03c5 45 \u03b5\u03c5\u03c1\u03ce)<\/p><\/li><\/em><br \/>\n<em><\/ul><\/em><\/td>\n<td width=\"220\"><em>\u0397 \u03c0\u03bb\u03ad\u03bf\u03bd \u03b4\u03b9\u03b1\u03b4\u03b5\u03b4\u03bf\u03bc\u03ad\u03bd\u03b7 \u03bc\u03bf\u03c1\u03c6\u03ae \u03b5\u03c4\u03b1\u03b9\u03c1\u03b5\u03af\u03b1\u03c2<\/em><\/td>\n<\/tr>\n<tr>\n<td width=\"196\"><em><strong>societate pe actiuni (SA)<\/strong><\/em><\/td>\n<td width=\"178\"><em><a href=\"https:\/\/lawro.gr\/ro\/societati-pe-actiuni\/\">\u0391\u03bd\u03ce\u03bd\u03c5\u03bc\u03b7 \u0395\u03c4\u03b1\u03b9\u03c1\u03b5\u03af\u03b1 (\u0391\u0395)<\/a><\/em><\/td>\n<td width=\"206\"><em><ul class=\"liststyle\"><\/em><br \/>\n<em><li><i class=\"icon-ok\"><\/i><p>\u0394\u03c5\u03bd\u03b1\u03c4\u03cc\u03c4\u03b7\u03c4\u03b1 \u03b4\u03b7\u03bc\u03cc\u03c3\u03b9\u03b1\u03c2 \u03b5\u03b3\u03b3\u03c1\u03b1\u03c6\u03ae\u03c2 \u03bc\u03b5\u03c4\u03cc\u03c7\u03c9\u03bd<\/p><\/li><\/em><br \/>\n<em><li><i class=\"icon-ok\"><\/i><p>\u0394\u03c5\u03bd\u03b1\u03c4\u03cc\u03c4\u03b7\u03c4\u03b1 \u03b5\u03b9\u03c3\u03b1\u03b3\u03c9\u03b3\u03ae\u03c2 \u03c3\u03c4\u03bf \u03c7\u03c1\u03b7\u03bc\u03b1\u03c4\u03b9\u03c3\u03c4\u03ae\u03c1\u03b9\u03bf<\/p><\/li><\/em><br \/>\n<em><li><i class=\"icon-ok\"><\/i><p>\u0395\u03bb\u03ac\u03c7\u03b9\u03c3\u03c4\u03bf \u03bc\u03b5\u03c4\u03bf\u03c7\u03b9\u03ba\u03cc \u03ba\u03b5\u03c6\u03ac\u03bb\u03b1\u03b9\u03bf 90.000 RON (20.000 \u03b5\u03c5\u03c1\u03ce)<\/p><\/li><\/em><br \/>\n<em><li><i class=\"icon-ok\"><\/i><p>\u03a0\u03b5\u03c1\u03b9\u03bf\u03c1\u03b9\u03c3\u03bc\u03ad\u03bd\u03b7 \u03b5\u03c5\u03b8\u03cd\u03bd\u03b7 \u03bc\u03b5\u03c4\u03cc\u03c7\u03c9\u03bd<\/p><\/li><\/em><br \/>\n<em><li><i class=\"icon-ok\"><\/i><p>\u03a4\u03bf\u03c5\u03bb\u03ac\u03c7\u03b9\u03c3\u03c4\u03bf\u03bd 2 \u03bc\u03ad\u03c4\u03bf\u03c7\u03bf\u03b9<\/p><\/li><\/em><br \/>\n<em><\/ul><\/em><\/td>\n<td width=\"220\"><em>\u0395\u03bd\u03b4\u03b5\u03af\u03ba\u03bd\u03c5\u03c4\u03b1\u03b9 \u03b3\u03b9\u03b1 \u03bc\u03b5\u03c3\u03b1\u03af\u03bf\u03c5 \u03ba\u03b1\u03b9 \u03bc\u03b5\u03b3\u03ac\u03bb\u03bf\u03c5 \u03bc\u03b5\u03b3\u03ad\u03b8\u03bf\u03c5\u03c2 \u03b5\u03c4\u03b1\u03b9\u03c1\u03b5\u03af\u03b5\u03c2.<\/em><\/td>\n<\/tr>\n<tr>\n<td width=\"196\"><em><strong>societate in nume colectiv<\/strong><\/em><\/td>\n<td width=\"178\"><a href=\"https:\/\/lawro.gr\/ro\/parteneriat-general\/\"><em>\u039f\u03bc\u03cc\u03c1\u03c1\u03c5\u03b8\u03bc\u03b7 \u0395\u03c4\u03b1\u03b9\u03c1\u03b5\u03af\u03b1<\/em><\/a><\/td>\n<td width=\"206\"><em><ul class=\"liststyle\"><\/em><br \/>\n<em><li><i class=\"icon-ok\"><\/i><p>\u0395\u03c5\u03b8\u03cd\u03bd\u03b7 \u03b1\u03c0\u03b5\u03c1\u03b9\u03cc\u03c1\u03b9\u03c3\u03c4\u03b7 \u03ba\u03b1\u03b9 \u03b5\u03b9\u03c2 \u03bf\u03bb\u03cc\u03ba\u03bb\u03b7\u03c1\u03bf\u03bd<\/p><\/li><\/em><br \/>\n<em><\/ul><\/em><\/td>\n<td width=\"220\"><em>\u0395\u03bd\u03b4\u03b5\u03af\u03ba\u03bd\u03c5\u03c4\u03b1\u03b9 \u03b3\u03b9\u03b1 \u03bc\u03b9\u03ba\u03c1\u03ad\u03c2 \u03ba\u03b1\u03b9 \u03bf\u03b9\u03ba\u03bf\u03b3\u03b5\u03bd\u03b5\u03b9\u03b1\u03ba\u03ad\u03c2 \u03b5\u03c4\u03b1\u03b9\u03c1\u03b5\u03af\u03b5\u03c2.<\/em><\/td>\n<\/tr>\n<tr>\n<td width=\"196\"><em><strong>societate in comandita simpla<\/strong><\/em><\/td>\n<td width=\"178\"><a href=\"https:\/\/lawro.gr\/ro\/societate-in-comandita-2\/\"><em>Societate \u00een comandit\u0103 limitat\u0103<\/em><\/a><\/td>\n<td width=\"206\"><em><ul class=\"liststyle\"><\/em><br \/>\n<em><li><i class=\"icon-ok\"><\/i><p>\u039f \u03bc\u03ad\u03c4\u03bf\u03c7\u03bf\u03c2 \u03b5\u03af\u03bd\u03b1\u03b9 \u03c5\u03c0\u03b5\u03cd\u03b8\u03c5\u03bd\u03bf\u03c2 \u03b3\u03b9\u03b1 \u03c4\u03bf \u03c0\u03bf\u03c3\u03cc \u03c4\u03b7\u03c2 \u03c3\u03c5\u03bc\u03bc\u03b5\u03c4\u03bf\u03c7\u03ae\u03c2 \u03c4\u03bf\u03c5<\/p><\/li><\/em><br \/>\n<em><li><i class=\"icon-ok\"><\/i><p>\u0395\u03c5\u03b8\u03cd\u03bd\u03b7 \u03b1\u03c0\u03b5\u03c1\u03b9\u03cc\u03c1\u03b9\u03c3\u03c4\u03b7 \u03ba\u03b1\u03b9 \u03c0\u03c1\u03bf\u03c3\u03c9\u03c0\u03b9\u03ba\u03ae<\/p><\/li><\/em><br \/>\n<em><\/ul><\/em><\/td>\n<td width=\"220\"><em>\u03a7\u03c1\u03b7\u03c3\u03b9\u03bc\u03bf\u03c0\u03bf\u03b9\u03b5\u03af\u03c4\u03b1\u03b9 \u03b5\u03bb\u03ac\u03c7\u03b9\u03c3\u03c4\u03b1 \u03c3\u03c4\u03b7\u03bd \u03c0\u03c1\u03ac\u03be\u03b7.<\/em><\/td>\n<\/tr>\n<tr>\n<td width=\"196\"><em><strong>societate in comandita pe actiuni<\/strong><\/em><\/p>\n<p><em><strong>\u00a0<\/strong><\/em><\/td>\n<td width=\"178\"><a href=\"https:\/\/lawro.gr\/ro\/societate-in-comandita-2\/\"><em>\u0395\u03c4\u03b5\u03c1\u03cc\u03c1\u03c1\u03c5\u03b8\u03bc\u03b7 \u039a\u03b1\u03c4\u03ac \u039c\u03b5\u03c4\u03bf\u03c7\u03ad\u03c2<\/em><\/a><\/td>\n<td width=\"206\"><em><ul class=\"liststyle\"><\/em><br \/>\n<em><li><i class=\"icon-ok\"><\/i><p>\u039f \u03bc\u03ad\u03c4\u03bf\u03c7\u03bf\u03c2 \u03b5\u03af\u03bd\u03b1\u03b9 \u03c5\u03c0\u03b5\u03cd\u03b8\u03c5\u03bd\u03bf\u03c2 \u03b3\u03b9\u03b1 \u03c4\u03bf \u03c0\u03bf\u03c3\u03cc \u03c4\u03b7\u03c2 \u03c3\u03c5\u03bc\u03bc\u03b5\u03c4\u03bf\u03c7\u03ae\u03c2 \u03c4\u03bf\u03c5<\/p><\/li><\/em><br \/>\n<em><li><i class=\"icon-ok\"><\/i><p>\u03a5\u03c0\u03b5\u03c5\u03b8\u03c5\u03bd\u03cc\u03c4\u03b7\u03c4\u03b1 \u03b1\u03c0\u03b5\u03c1\u03b9\u03cc\u03c1\u03b9\u03c3\u03c4\u03b7 \u03ba\u03b1\u03b9 \u03c0\u03c1\u03bf\u03c3\u03c9\u03c0\u03b9\u03ba\u03ae<\/p><\/li><\/em><br \/>\n<em><li><i class=\"icon-ok\"><\/i><p>\u0395\u03bb\u03ac\u03c7\u03b9\u03c3\u03c4\u03bf \u03bc\u03b5\u03c4\u03bf\u03c7\u03b9\u03ba\u03cc \u03ba\u03b5\u03c6\u03ac\u03bb\u03b1\u03b9\u03bf 90.000 RON (20,000 \u0395\u03c5\u03c1\u03ce \u03c0\u03b5\u03c1\u03af\u03c0\u03bf\u03c5)<\/p><\/li><\/em><br \/>\n<em><\/ul><\/em><\/td>\n<td width=\"220\"><em>\u03a7\u03c1\u03b7\u03c3\u03b9\u03bc\u03bf\u03c0\u03bf\u03b9\u03b5\u03af\u03c4\u03b1\u03b9 \u03b5\u03bb\u03ac\u03c7\u03b9\u03c3\u03c4\u03b1 \u03c3\u03c4\u03b7\u03bd \u03c0\u03c1\u03ac\u03be\u03b7.<\/em><\/td>\n<\/tr>\n<\/tbody>\n<\/table>\n\n\t\t<\/div>\n\t<\/div>\n<\/div><\/div><\/div><\/div>","protected":false},"excerpt":{"rendered":"\u039f \u03b1\u03ba\u03cc\u03bb\u03bf\u03c5\u03b8\u03bf\u03c2 \u03c0\u03af\u03bd\u03b1\u03ba\u03b1\u03c2 \u03c0\u03b1\u03c1\u03bf\u03c5\u03c3\u03b9\u03ac\u03b6\u03b5\u03b9 \u03c3\u03c5\u03bd\u03bf\u03c0\u03c4\u03b9\u03ba\u03ac \u03c4\u03b9\u03c2 \u03b4\u03c5\u03bd\u03b1\u03c4\u03ad\u03c2 \u03bc\u03bf\u03c1\u03c6\u03ad\u03c2 \u03c4\u03c9\u03bd \u03b5\u03c4\u03b1\u03b9\u03c1\u03b5\u03b9\u03ce\u03bd \u03c3\u03c4\u03b7 \u03a1\u03bf\u03c5\u03bc\u03b1\u03bd\u03af\u03b1: \u039c\u039f\u03a1\u03a6\u0395\u03a3 \u0395\u03a4\u0391\u0399\u03a1\u0395\u0399\u03a9\u039d \u03a3\u03a4\u0397\u039d \u03a1\u039f\u03a5\u039c\u0391\u039d\u0399\u0391 \u039c\u039f\u03a1\u03a6\u0397 \u03a3\u03a4\u0397\u039d \u0395\u039b\u039b\u0391\u0394\u0391 \u03a7\u0391\u03a1\u0391\u039a\u03a4\u0397\u03a1\u0399\u03a3\u03a4\u0399\u039a\u0391 [...]","protected":false},"author":1,"featured_media":0,"parent":0,"menu_order":0,"comment_status":"closed","ping_status":"closed","template":"","meta":{"footnotes":""},"_links":{"self":[{"href":"https:\/\/lawro.gr\/ro\/wp-json\/wp\/v2\/pages\/1169"}],"collection":[{"href":"https:\/\/lawro.gr\/ro\/wp-json\/wp\/v2\/pages"}],"about":[{"href":"https:\/\/lawro.gr\/ro\/wp-json\/wp\/v2\/types\/page"}],"author":[{"embeddable":true,"href":"https:\/\/lawro.gr\/ro\/wp-json\/wp\/v2\/users\/1"}],"replies":[{"embeddable":true,"href":"https:\/\/lawro.gr\/ro\/wp-json\/wp\/v2\/comments?post=1169"}],"version-history":[{"count":9,"href":"https:\/\/lawro.gr\/ro\/wp-json\/wp\/v2\/pages\/1169\/revisions"}],"predecessor-version":[{"id":2438,"href":"https:\/\/lawro.gr\/ro\/wp-json\/wp\/v2\/pages\/1169\/revisions\/2438"}],"wp:attachment":[{"href":"https:\/\/lawro.gr\/ro\/wp-json\/wp\/v2\/media?parent=1169"}],"curies":[{"name":"wp","href":"https:\/\/api.w.org\/{rel}","templated":true}]}}