{"id":1046,"date":"2018-02-05T18:20:17","date_gmt":"2018-02-05T15:20:17","guid":{"rendered":"https:\/\/lawro.gr\/?page_id=1046"},"modified":"2021-11-17T18:30:38","modified_gmt":"2021-11-17T15:30:38","slug":"diadikasia-idrysis-etaireias-sti-roymania","status":"publish","type":"page","link":"https:\/\/lawro.gr\/ro\/procesul-de-infiintare-a-companiei-in-romania\/","title":{"rendered":"\u0394\u03b9\u03b1\u03b4\u03b9\u03ba\u03b1\u03c3\u03b9\u03b1 \u0399\u03b4\u03c1\u03c5\u03c3\u03b7\u03c2 \u0395\u03c4\u03b1\u03b9\u03c1\u03b5\u03b9\u03b1\u03c2 \u03c3\u03c4\u03b7 \u03a1\u03bf\u03c5\u03bc\u03b1\u03bd\u03b9\u03b1"},"content":{"rendered":"<div class=\"vc_row wpb_row vc_row-fluid\"><div class=\"wpb_column vc_column_container vc_col-sm-12\"><div class=\"vc_column-inner\"><div class=\"wpb_wrapper\">\n\t<div class=\"wpb_text_column wpb_content_element\" >\n\t\t<div class=\"wpb_wrapper\">\n\t\t\t<p><em>\u0397 \u03b4\u03b9\u03b1\u03b4\u03b9\u03ba\u03b1\u03c3\u03af\u03b1 \u03af\u03b4\u03c1\u03c5\u03c3\u03b7\u03c2 \u03b5\u03c4\u03b1\u03b9\u03c1\u03b5\u03af\u03b1\u03c2 \u03c3\u03c4\u03b7 \u03a1\u03bf\u03c5\u03bc\u03b1\u03bd\u03af\u03b1 \u03b5\u03af\u03bd\u03b1\u03b9 \u03b1\u03c0\u03bb\u03ae, \u03b3\u03c1\u03ae\u03b3\u03bf\u03c1\u03b7 \u03ba\u03b1\u03b9 \u03b4\u03b9\u03b5\u03ba\u03c0\u03b5\u03c1\u03b1\u03b9\u03ce\u03bd\u03b5\u03c4\u03b1\u03b9 \u03c3\u03b5 \u03b1\u03c0\u03bb\u03ac \u03b2\u03ae\u03bc\u03b1\u03c4\u03b1 \u03b1\u03c0\u03bf\u03c5\u03c3\u03af\u03b1 \u03b3\u03c1\u03b1\u03c6\u03b5\u03b9\u03bf\u03ba\u03c1\u03b1\u03c4\u03b9\u03ba\u03ce\u03bd \u03ba\u03b1\u03c4\u03b1\u03c3\u03c4\u03ac\u03c3\u03b5\u03c9\u03bd. \u0397 \u03b4\u03b9\u03b1\u03b4\u03b9\u03ba\u03b1\u03c3\u03af\u03b1 \u03c0\u03b5\u03c1\u03b9\u03bb\u03b1\u03bc\u03b2\u03ac\u03bd\u03b5\u03b9 \u03c4\u03b1 \u03b1\u03ba\u03cc\u03bb\u03bf\u03c5\u03b8\u03b1 \u03b2\u03ae\u03bc\u03b1\u03c4\u03b1:<\/em><\/p>\n\n\t\t<\/div>\n\t<\/div>\n<\/div><\/div><\/div><\/div><div class=\"vc_row wpb_row vc_row-fluid\"><div class=\"wpb_column vc_column_container vc_col-sm-6\"><div class=\"vc_column-inner\"><div class=\"wpb_wrapper\">\n\t<div class=\"wpb_text_column wpb_content_element\" >\n\t\t<div class=\"wpb_wrapper\">\n\t\t\t<blockquote><p>\n<code><strong><em>\u0393\u03b9\u03b1 \u03c4\u03b7\u03bd \u03af\u03b4\u03c1\u03c5\u03c3\u03b7 \u03c4\u03b7\u03c2 \u03b5\u03c4\u03b1\u03b9\u03c1\u03b5\u03af\u03b1\u03c2:<\/em><\/strong><\/code><br \/>\n<ul class=\"liststyle\"><br \/>\n<li><i class=\"icon-ok\"><\/i><p>\u0395\u03c0\u03b9\u03bb\u03bf\u03b3\u03ae \u03b5\u03c0\u03c9\u03bd\u03c5\u03bc\u03af\u03b1\u03c2 \u03b5\u03c4\u03b1\u03b9\u03c1\u03b5\u03af\u03b1\u03c2 \u03ba\u03b1\u03b9 \u03ad\u03b3\u03ba\u03c1\u03b9\u03c3\u03b7<\/p><\/li><br \/>\n<li><i class=\"icon-ok\"><\/i><p>\u0395\u03c0\u03b9\u03bb\u03bf\u03b3\u03ae \u03bc\u03b5\u03c4\u03cc\u03c7\u03c9\u03bd \u03ba\u03b1\u03b9 \u03b4\u03b9\u03b1\u03c7\u03b5\u03b9\u03c1\u03b9\u03c3\u03c4\u03ce\u03bd<\/p><\/li><br \/>\n<li><i class=\"icon-ok\"><\/i><p>\u0395\u03c0\u03b9\u03bb\u03bf\u03b3\u03ae \u03c4\u03b7\u03c2 \u03bc\u03bf\u03c1\u03c6\u03ae\u03c2 \u03c4\u03b7\u03c2 \u03b5\u03c4\u03b1\u03b9\u03c1\u03b5\u03af\u03b1\u03c2 (\u03a0\u03b1\u03c4\u03ae\u03c3\u03c4\u03b5 <a href=\"https:\/\/lawro.gr\/ro\/forme-de-firme-in-romania\/\"><strong><u>\u03b5\u03b4\u03ce<\/u><\/strong><\/a> \u03b3\u03b9\u03b1 \u03bd\u03b1 \u03b4\u03b5\u03af\u03c4\u03b5 \u03c4\u03b9\u03c2 \u03b4\u03b9\u03b1\u03b8\u03ad\u03c3\u03b9\u03bc\u03b5\u03c2 \u03bc\u03bf\u03c1\u03c6\u03ad\u03c2 \u03b5\u03c4\u03b1\u03b9\u03c1\u03b5\u03af\u03b1\u03c2 \u03c3\u03c4\u03b7 \u03a1\u03bf\u03c5\u03bc\u03b1\u03bd\u03af\u03b1)<\/p><\/li><br \/>\n<li><i class=\"icon-ok\"><\/i><p>\u039a\u03b1\u03b8\u03bf\u03c1\u03b9\u03c3\u03bc\u03cc\u03c2 \u03c4\u03b7\u03c2 \u03ad\u03b4\u03c1\u03b1\u03c2 \u03c4\u03b7\u03c2 \u03b5\u03c4\u03b1\u03b9\u03c1\u03b5\u03af\u03b1\u03c2 (\u03a0\u03b1\u03c4\u03ae\u03c3\u03c4\u03b5 <a href=\"https:\/\/goo.gl\/maps\/WNH8ysSQ7dQ1T2ZD7\" target=\"_blank\" rel=\"noopener\"><strong><u>\u03b5\u03b4\u03ce<\/u><\/strong><\/a> \u03b3\u03b9\u03b1 \u03bd\u03b1 \u03b4\u03b5\u03af\u03c4\u03b5 \u03c4\u03b9\u03c2 \u03b4\u03c5\u03bd\u03b1\u03c4\u03cc\u03c4\u03b7\u03c4\u03b5\u03c2 \u03c6\u03b9\u03bb\u03bf\u03be\u03b5\u03bd\u03af\u03b1\u03c2 \u03b5\u03c4\u03b1\u03b9\u03c1\u03b5\u03af\u03b1\u03c2 \u03c3\u03c4\u03b7 \u03a1\u03bf\u03c5\u03bc\u03b1\u03bd\u03af\u03b1)<\/p><\/li><br \/>\n<li><i class=\"icon-ok\"><\/i><p>\u03a0\u03bb\u03b7\u03c1\u03b5\u03be\u03bf\u03cd\u03c3\u03b9\u03bf \u03c3\u03b5 \u03b4\u03b9\u03ba\u03b7\u03b3\u03cc\u03c1\u03bf<\/p><\/li><br \/>\n<li><i class=\"icon-ok\"><\/i><p>\u03a3\u03cd\u03bd\u03c4\u03b1\u03be\u03b7 \u03ba\u03b1\u03c4\u03b1\u03c3\u03c4\u03b1\u03c4\u03b9\u03ba\u03bf\u03cd \u03c3\u03b5 \u03b4\u03c5\u03bf \u03b3\u03bb\u03ce\u03c3\u03c3\u03b5\u03c2 (\u03a1\u03bf\u03c5\u03bc\u03b1\u03bd\u03b9\u03ba\u03ac- \u0395\u03bb\u03bb\u03b7\u03bd\u03b9\u03ba\u03ac \u03ae \u03a1\u03bf\u03c5\u03bc\u03b1\u03bd\u03b9\u03ba\u03ac- \u0391\u03b3\u03b3\u03bb\u03b9\u03ba\u03ac)<\/p><\/li><br \/>\n<li><i class=\"icon-ok\"><\/i><p>\u0386\u03bd\u03bf\u03b9\u03b3\u03bc\u03b1 \u03a4\u03c1\u03b1\u03c0\u03b5\u03b6\u03b9\u03ba\u03bf\u03cd \u039b\u03bf\u03b3\u03b1\u03c1\u03b9\u03b1\u03c3\u03bc\u03bf\u03cd \u03c4\u03b7\u03c2 \u03b5\u03c4\u03b1\u03b9\u03c1\u03b5\u03af\u03b1\u03c2 \u03c3\u03b5 \u0395\u03a5\u03a1\u03a9, \u0394\u039f\u039b\u0391\u03a1\u0399\u0391, \u039b\u0395\u0399 \u03ba\u03b1\u03b9 \u03ba\u03b1\u03c4\u03ac\u03b8\u03b5\u03c3\u03b7 \u03b5\u03c4\u03b1\u03b9\u03c1\u03b9\u03ba\u03bf\u03cd \u03ba\u03b5\u03c6\u03b1\u03bb\u03b1\u03af\u03bf\u03c5 \u03c3\u03c4\u03bf\u03bd \u03c4\u03c1\u03b1\u03c0\u03b5\u03b6\u03b9\u03ba\u03cc \u03bb\u03bf\u03b3\u03b1\u03c1\u03b9\u03b1\u03c3\u03bc\u03cc<\/p><\/li><br \/>\n<li><i class=\"icon-ok\"><\/i><p>\u039a\u03b1\u03c4\u03ac\u03b8\u03b5\u03c3\u03b7 \u03c6\u03b1\u03ba\u03ad\u03bb\u03bf\u03c5 \u03c3\u03c4\u03bf \u039c\u03b7\u03c4\u03c1\u03ce\u03bf \u0395\u03c4\u03b1\u03b9\u03c1\u03b5\u03b9\u03ce\u03bd<\/p><\/li><br \/>\n<li><i class=\"icon-ok\"><\/i><p>\u03a0\u03b1\u03c1\u03b1\u03bb\u03b1\u03b2\u03ae \u03ad\u03b3\u03ba\u03c1\u03b9\u03c3\u03b7\u03c2 \u03ba\u03b1\u03b9 \u03c0\u03b9\u03c3\u03c4\u03bf\u03c0\u03bf\u03b9\u03b7\u03c4\u03b9\u03ba\u03bf\u03cd \u03af\u03b4\u03c1\u03c5\u03c3\u03b7\u03c2 \u03b1\u03c0\u03cc \u03c4\u03bf \u0395\u03bc\u03c0\u03bf\u03c1\u03b9\u03ba\u03cc \u039c\u03b7\u03c4\u03c1\u03ce\u03bf<\/p><\/li><br \/>\n<\/ul>\n<\/p><\/blockquote>\n\n\t\t<\/div>\n\t<\/div>\n<\/div><\/div><\/div><div class=\"wpb_column vc_column_container vc_col-sm-6\"><div class=\"vc_column-inner\"><div class=\"wpb_wrapper\">\n\t<div class=\"wpb_text_column wpb_content_element\" >\n\t\t<div class=\"wpb_wrapper\">\n\t\t\t<blockquote><p>\n<code><strong><em>\u0393\u03b9\u03b1 \u03c4\u03b7\u03bd \u03c6\u03bf\u03c1\u03bf\u03bb\u03bf\u03b3\u03b9\u03ba\u03ae \u03ad\u03bd\u03b1\u03c1\u03be\u03b7 \u03c4\u03b7\u03c2 \u03b5\u03c4\u03b1\u03b9\u03c1\u03b5\u03af\u03b1\u03c2:<\/em><\/strong><\/code><br \/>\n<ul class=\"liststyle\"><br \/>\n<li><i class=\"icon-ok\"><\/i><p>\u0388\u03bd\u03b1\u03c1\u03be\u03b7 \u03bb\u03bf\u03b3\u03b9\u03c3\u03c4\u03b9\u03ba\u03ce\u03bd \u03b2\u03b9\u03b2\u03bb\u03af\u03c9\u03bd<\/p><\/li><br \/>\n<li><i class=\"icon-ok\"><\/i><p>\u00cenregistrarea \u0219i includerea \u00een TVA<\/p><\/li><br \/>\n<li><i class=\"icon-ok\"><\/i><p>\u00cenregistrarea \u0219i includerea \u00een VIES<\/p><\/li><br \/>\n<\/ul>\n<\/p><\/blockquote>\n\n\t\t<\/div>\n\t<\/div>\n<\/div><\/div><\/div><\/div><div class=\"vc_row wpb_row vc_row-fluid\"><div class=\"wpb_column vc_column_container vc_col-sm-12\"><div class=\"vc_column-inner\"><div class=\"wpb_wrapper\"><div class=\"vc_message_box vc_message_box-standard vc_message_box-rounded vc_color-black\" >\n\t<div class=\"vc_message_box-icon\"><i class=\"fa fa-info-circle\"><\/i>\n\t<\/div><p><em>Vizita reprezentantului legal al companiei nou \u00eenfiin\u021bate \u00een Rom\u00e2nia este necesar\u0103 numai la deschiderea Contului bancar. Pe tot parcursul procesului, reprezentantul legal va fi \u00eenso\u021bit de un avocat de la biroul nostru, care vorbe\u0219te fluent limba greac\u0103.<\/em><\/p>\n<\/div>\n<\/div><\/div><\/div><\/div>","protected":false},"excerpt":{"rendered":"\u0397 \u03b4\u03b9\u03b1\u03b4\u03b9\u03ba\u03b1\u03c3\u03af\u03b1 \u03af\u03b4\u03c1\u03c5\u03c3\u03b7\u03c2 \u03b5\u03c4\u03b1\u03b9\u03c1\u03b5\u03af\u03b1\u03c2 \u03c3\u03c4\u03b7 \u03a1\u03bf\u03c5\u03bc\u03b1\u03bd\u03af\u03b1 \u03b5\u03af\u03bd\u03b1\u03b9 \u03b1\u03c0\u03bb\u03ae, \u03b3\u03c1\u03ae\u03b3\u03bf\u03c1\u03b7 \u03ba\u03b1\u03b9 \u03b4\u03b9\u03b5\u03ba\u03c0\u03b5\u03c1\u03b1\u03b9\u03ce\u03bd\u03b5\u03c4\u03b1\u03b9 \u03c3\u03b5 \u03b1\u03c0\u03bb\u03ac \u03b2\u03ae\u03bc\u03b1\u03c4\u03b1 \u03b1\u03c0\u03bf\u03c5\u03c3\u03af\u03b1 \u03b3\u03c1\u03b1\u03c6\u03b5\u03b9\u03bf\u03ba\u03c1\u03b1\u03c4\u03b9\u03ba\u03ce\u03bd \u03ba\u03b1\u03c4\u03b1\u03c3\u03c4\u03ac\u03c3\u03b5\u03c9\u03bd. \u0397 \u03b4\u03b9\u03b1\u03b4\u03b9\u03ba\u03b1\u03c3\u03af\u03b1 \u03c0\u03b5\u03c1\u03b9\u03bb\u03b1\u03bc\u03b2\u03ac\u03bd\u03b5\u03b9 [...]","protected":false},"author":1,"featured_media":0,"parent":0,"menu_order":0,"comment_status":"closed","ping_status":"closed","template":"","meta":{"footnotes":""},"_links":{"self":[{"href":"https:\/\/lawro.gr\/ro\/wp-json\/wp\/v2\/pages\/1046"}],"collection":[{"href":"https:\/\/lawro.gr\/ro\/wp-json\/wp\/v2\/pages"}],"about":[{"href":"https:\/\/lawro.gr\/ro\/wp-json\/wp\/v2\/types\/page"}],"author":[{"embeddable":true,"href":"https:\/\/lawro.gr\/ro\/wp-json\/wp\/v2\/users\/1"}],"replies":[{"embeddable":true,"href":"https:\/\/lawro.gr\/ro\/wp-json\/wp\/v2\/comments?post=1046"}],"version-history":[{"count":15,"href":"https:\/\/lawro.gr\/ro\/wp-json\/wp\/v2\/pages\/1046\/revisions"}],"predecessor-version":[{"id":3639,"href":"https:\/\/lawro.gr\/ro\/wp-json\/wp\/v2\/pages\/1046\/revisions\/3639"}],"wp:attachment":[{"href":"https:\/\/lawro.gr\/ro\/wp-json\/wp\/v2\/media?parent=1046"}],"curies":[{"name":"wp","href":"https:\/\/api.w.org\/{rel}","templated":true}]}}